{"id":346,"date":"2019-01-17T15:05:13","date_gmt":"2019-01-17T15:05:13","guid":{"rendered":"https:\/\/eglise-evangelique-reims.fr\/wordpress\/?page_id=346"},"modified":"2023-07-17T21:10:05","modified_gmt":"2023-07-17T19:10:05","slug":"temoignage","status":"publish","type":"page","link":"https:\/\/eglise-evangelique-reims.fr\/wordpress\/temoignage\/","title":{"rendered":"T\u00e9moignages"},"content":{"rendered":"\t\t<div data-elementor-type=\"wp-post\" data-elementor-id=\"346\" class=\"elementor elementor-346\">\n\t\t\t\t\t\t<section class=\"elementor-section elementor-top-section elementor-element elementor-element-03918a5 elementor-section-boxed elementor-section-height-default elementor-section-height-default\" data-id=\"03918a5\" data-element_type=\"section\">\n\t\t\t\t\t\t<div class=\"elementor-container elementor-column-gap-extended\">\n\t\t\t\t\t<div class=\"elementor-column elementor-col-50 elementor-top-column elementor-element elementor-element-7f20622 sc_inner_width_none sc_content_align_inherit sc_layouts_column_icons_position_left elementor-invisible\" data-id=\"7f20622\" data-element_type=\"column\" data-settings=\"{&quot;animation&quot;:&quot;zoomIn&quot;}\">\n\t\t\t<div class=\"elementor-widget-wrap elementor-element-populated\">\n\t\t\t\t\t\t<div class=\"elementor-element elementor-element-95b7b4e sc_fly_static elementor-widget elementor-widget-spacer\" data-id=\"95b7b4e\" data-element_type=\"widget\" data-widget_type=\"spacer.default\">\n\t\t\t\t<div class=\"elementor-widget-container\">\n\t\t\t\t\t<div class=\"elementor-spacer\">\n\t\t\t<div class=\"elementor-spacer-inner\"><\/div>\n\t\t<\/div>\n\t\t\t\t<\/div>\n\t\t\t\t<\/div>\n\t\t\t\t<div class=\"elementor-element elementor-element-f161fd4 sc_fly_static elementor-widget elementor-widget-image\" data-id=\"f161fd4\" data-element_type=\"widget\" data-widget_type=\"image.default\">\n\t\t\t\t<div class=\"elementor-widget-container\">\n\t\t\t\t\t\t\t\t\t\t\t\t\t<img fetchpriority=\"high\" decoding=\"async\" width=\"1920\" height=\"1280\" src=\"https:\/\/eglise-evangelique-reims.fr\/wordpress\/wp-content\/uploads\/2023\/02\/pexel_temoignage.jpg\" class=\"attachment-full size-full wp-image-3291\" alt=\"\" srcset=\"https:\/\/eglise-evangelique-reims.fr\/wordpress\/wp-content\/uploads\/2023\/02\/pexel_temoignage.jpg 1920w, https:\/\/eglise-evangelique-reims.fr\/wordpress\/wp-content\/uploads\/2023\/02\/pexel_temoignage-300x200.jpg 300w, https:\/\/eglise-evangelique-reims.fr\/wordpress\/wp-content\/uploads\/2023\/02\/pexel_temoignage-1024x683.jpg 1024w, https:\/\/eglise-evangelique-reims.fr\/wordpress\/wp-content\/uploads\/2023\/02\/pexel_temoignage-768x512.jpg 768w, https:\/\/eglise-evangelique-reims.fr\/wordpress\/wp-content\/uploads\/2023\/02\/pexel_temoignage-1536x1024.jpg 1536w, https:\/\/eglise-evangelique-reims.fr\/wordpress\/wp-content\/uploads\/2023\/02\/pexel_temoignage-370x247.jpg 370w, https:\/\/eglise-evangelique-reims.fr\/wordpress\/wp-content\/uploads\/2023\/02\/pexel_temoignage-760x507.jpg 760w\" sizes=\"(max-width: 1920px) 100vw, 1920px\" \/>\t\t\t\t\t\t\t\t\t\t\t\t\t<\/div>\n\t\t\t\t<\/div>\n\t\t\t\t\t<\/div>\n\t\t<\/div>\n\t\t\t\t<div class=\"elementor-column elementor-col-50 elementor-top-column elementor-element elementor-element-57c8fd7 sc_inner_width_none sc_content_align_inherit sc_layouts_column_icons_position_left elementor-invisible\" data-id=\"57c8fd7\" data-element_type=\"column\" data-settings=\"{&quot;animation&quot;:&quot;zoomIn&quot;}\">\n\t\t\t<div class=\"elementor-widget-wrap elementor-element-populated\">\n\t\t\t\t\t\t<div class=\"elementor-element elementor-element-aa8d5e8 sc_fly_static elementor-widget elementor-widget-trx_sc_title\" data-id=\"aa8d5e8\" data-element_type=\"widget\" data-widget_type=\"trx_sc_title.default\">\n\t\t\t\t<div class=\"elementor-widget-container\">\n\t\t\t<div id=\"trx_sc_title_1821185497\"\n\t\tclass=\"sc_title sc_title_default\"><h3 class=\"sc_item_title sc_title_title sc_item_title_style_default sc_item_title_tag\"><span class=\"sc_item_title_text\">Raconte...<\/span><\/h3><div class=\"sc_item_descr sc_title_descr\"><p><b>La Bible relate qu'apr\u00e8s avoir d\u00e9livr\u00e9 un homme de ses d\u00e9mons, J\u00e9sus lui a donn\u00e9 cet ordre: \"Va dans ta maison, vers les tiens, et <u><a href=\"\">raconte-leur<\/a><\/u> tout ce que le Seigneur t'a fait et comment il a us\u00e9 de mis\u00e9ricorde \u00e0 ton \u00e9gard.\" (Ev. de Marc, chap. 5)<br \/>\nCes quelques t\u00e9moignages ob\u00e9issent au m\u00eame principe.<\/p>\n<p>A une soci\u00e9t\u00e9 qui a pris la facile habitude de reprocher \u00e0 Dieu de ne rien faire, nous r\u00e9pondons qu'il n'a jamais cess\u00e9 d'agir... pour peu qu'on le lui permette personnellement.<\/b><\/p>\n<\/div><\/div><!-- \/.sc_title -->\t\t<\/div>\n\t\t\t\t<\/div>\n\t\t\t\t<div class=\"elementor-element elementor-element-1e34af0 sc_fly_static elementor-widget elementor-widget-text-editor\" data-id=\"1e34af0\" data-element_type=\"widget\" data-widget_type=\"text-editor.default\">\n\t\t\t\t<div class=\"elementor-widget-container\">\n\t\t\t\t\t\t\t<blockquote class=\"trx_addons_blockquote_style_2\"><p>Venez, \u00e9coutez, vous tous qui craignez Dieu, et je raconterai ce qu&rsquo;il a fait pour mon \u00e2me.<br \/><cite>Psaume 66: 16<br \/><\/cite><\/p><\/blockquote>\t\t\t\t\t\t<\/div>\n\t\t\t\t<\/div>\n\t\t\t\t<div class=\"elementor-element elementor-element-e35b3d9 sc_fly_static elementor-widget elementor-widget-spacer\" data-id=\"e35b3d9\" data-element_type=\"widget\" data-widget_type=\"spacer.default\">\n\t\t\t\t<div class=\"elementor-widget-container\">\n\t\t\t\t\t<div class=\"elementor-spacer\">\n\t\t\t<div class=\"elementor-spacer-inner\"><\/div>\n\t\t<\/div>\n\t\t\t\t<\/div>\n\t\t\t\t<\/div>\n\t\t\t\t\t<\/div>\n\t\t<\/div>\n\t\t\t\t\t<\/div>\n\t\t<\/section>\n\t\t\t\t<section class=\"elementor-section elementor-top-section elementor-element elementor-element-6fbee60 elementor-section-stretched scheme_dark elementor-section-boxed elementor-section-height-default elementor-section-height-default\" data-id=\"6fbee60\" data-element_type=\"section\" data-settings=\"{&quot;stretch_section&quot;:&quot;section-stretched&quot;,&quot;background_background&quot;:&quot;classic&quot;}\">\n\t\t\t\t\t\t\t<div class=\"elementor-background-overlay\"><\/div>\n\t\t\t\t\t\t\t<div class=\"elementor-container elementor-column-gap-extended\">\n\t\t\t\t\t<div class=\"elementor-column elementor-col-100 elementor-top-column elementor-element elementor-element-5fcd86c sc_inner_width_none sc_content_align_inherit sc_layouts_column_icons_position_left\" data-id=\"5fcd86c\" data-element_type=\"column\">\n\t\t\t<div class=\"elementor-widget-wrap elementor-element-populated\">\n\t\t\t\t\t\t<div class=\"elementor-element elementor-element-388729d sc_fly_static elementor-invisible elementor-widget elementor-widget-trx_sc_title\" data-id=\"388729d\" data-element_type=\"widget\" data-settings=\"{&quot;_animation&quot;:&quot;fadeIn&quot;}\" data-widget_type=\"trx_sc_title.default\">\n\t\t\t\t<div class=\"elementor-widget-container\">\n\t\t\t<div id=\"trx_sc_title_98806842\"\n\t\tclass=\"sc_title sc_title_default\"><h1 class=\"sc_item_title sc_title_title sc_align_center sc_item_title_style_default sc_item_title_tag\"><span class=\"sc_item_title_text\">En quelques mots !<\/span><\/h1><\/div><!-- \/.sc_title -->\t\t<\/div>\n\t\t\t\t<\/div>\n\t\t\t\t<div class=\"elementor-element elementor-element-28ed95d sc_fly_static elementor-widget elementor-widget-spacer\" data-id=\"28ed95d\" data-element_type=\"widget\" data-widget_type=\"spacer.default\">\n\t\t\t\t<div class=\"elementor-widget-container\">\n\t\t\t\t\t<div class=\"elementor-spacer\">\n\t\t\t<div class=\"elementor-spacer-inner\"><\/div>\n\t\t<\/div>\n\t\t\t\t<\/div>\n\t\t\t\t<\/div>\n\t\t\t\t<div class=\"elementor-element elementor-element-8e94359 sc_fly_static elementor-invisible elementor-widget elementor-widget-trx_sc_testimonials\" data-id=\"8e94359\" data-element_type=\"widget\" data-settings=\"{&quot;_animation&quot;:&quot;fadeInUp&quot;}\" data-widget_type=\"trx_sc_testimonials.default\">\n\t\t\t\t<div class=\"elementor-widget-container\">\n\t\t\t<div  id=\"trx_sc_testimonials_1431749879\"\t\tclass=\"sc_testimonials sc_testimonials_default\"><div class=\"sc_testimonials_columns_wrap sc_item_columns trx_addons_columns_wrap columns_padding_bottom columns_in_single_row\"><div class=\"trx_addons_column-1_3\"><div data-post-id=\"3886\" class=\"sc_testimonials_item\">\n\t<div class=\"sc_testimonials_item_content\">\n        <div class=\"sc_testimonials_item_author_data\">\n            <h4 class=\"sc_testimonials_item_author_title\">Franck<\/h4>\n            <div class=\"sc_testimonials_item_author_subtitle\"><\/div>\n        <\/div>\n        \n<p>Jeune, je ne me souciais pas de Dieu jusqu&rsquo;\u00e0 ce que je rencontre un chr\u00e9tien et fasse la connaissance du pasteur. Au bout de 2 ans, mon c\u0153ur endurci s&rsquo;est enfin ouvert \u00e0 l&rsquo;\u00e9vangile mais avide de trouver des r\u00e9ponses \u00e0 toute sorte de questions, je me suis tourn\u00e9 vers le satanisme. Apr\u00e8s 10 ans d&rsquo;errance, j&rsquo;ai avou\u00e9 mon \u00e9chec et mon p\u00e9ch\u00e9. J&rsquo;ai accept\u00e9 de confier ma vie au Seigneur et compte bien le suivre toute ma vie !<\/p>\n<\/div>\n\t<div class=\"sc_testimonials_item_author\">\n\t\t\n\t\t\t<div class=\"sc_testimonials_item_author_avatar\"><img decoding=\"async\" width=\"90\" height=\"90\" src=\"https:\/\/eglise-evangelique-reims.fr\/wordpress\/wp-content\/uploads\/2023\/04\/Franck_EER-90x90.png\" class=\"attachment-hallelujah-thumb-tiny size-hallelujah-thumb-tiny wp-post-image\" alt=\"Franck\" srcset=\"https:\/\/eglise-evangelique-reims.fr\/wordpress\/wp-content\/uploads\/2023\/04\/Franck_EER-90x90.png 90w, https:\/\/eglise-evangelique-reims.fr\/wordpress\/wp-content\/uploads\/2023\/04\/Franck_EER-300x300.png 300w, https:\/\/eglise-evangelique-reims.fr\/wordpress\/wp-content\/uploads\/2023\/04\/Franck_EER-150x150.png 150w, https:\/\/eglise-evangelique-reims.fr\/wordpress\/wp-content\/uploads\/2023\/04\/Franck_EER-370x370.png 370w, https:\/\/eglise-evangelique-reims.fr\/wordpress\/wp-content\/uploads\/2023\/04\/Franck_EER.png 600w\" sizes=\"(max-width: 90px) 100vw, 90px\" \/><\/div>\n\t\t\t<\/div>\n<\/div>\n<\/div><div class=\"trx_addons_column-1_3\"><div data-post-id=\"2422\" class=\"sc_testimonials_item\">\n\t<div class=\"sc_testimonials_item_content\">\n        <div class=\"sc_testimonials_item_author_data\">\n            <h4 class=\"sc_testimonials_item_author_title\">Sara<\/h4>\n            <div class=\"sc_testimonials_item_author_subtitle\"><\/div>\n        <\/div>\n        <p>Au cours de ma phase d&rsquo;adolescence, je me suis redu compte de la m\u00e9chancet\u00e9 humaine et cela m&rsquo;a mis en col\u00e8re. Isol\u00e9e, renferm\u00e9e et triste j&rsquo;ai d\u00e9cid\u00e9 de demander l&rsquo;aide de Dieu. Suite \u00e0 ma pri\u00e8re, Dieu m&rsquo;a soulag\u00e9e, rendu la joie et surtout m&rsquo;a accompagn\u00e9e jusqu&rsquo;aujourd&rsquo;hui pour faire face \u00e0 tout ce que la vie nous r\u00e9serve.<\/p>\n<\/div>\n\t<div class=\"sc_testimonials_item_author\">\n\t\t\n\t\t\t<div class=\"sc_testimonials_item_author_avatar\"><img decoding=\"async\" width=\"90\" height=\"90\" src=\"https:\/\/eglise-evangelique-reims.fr\/wordpress\/wp-content\/uploads\/2021\/12\/Sara_EEr-90x90.png\" class=\"attachment-hallelujah-thumb-tiny size-hallelujah-thumb-tiny wp-post-image\" alt=\"Sara\" srcset=\"https:\/\/eglise-evangelique-reims.fr\/wordpress\/wp-content\/uploads\/2021\/12\/Sara_EEr-90x90.png 90w, https:\/\/eglise-evangelique-reims.fr\/wordpress\/wp-content\/uploads\/2021\/12\/Sara_EEr-300x300.png 300w, https:\/\/eglise-evangelique-reims.fr\/wordpress\/wp-content\/uploads\/2021\/12\/Sara_EEr-150x150.png 150w, https:\/\/eglise-evangelique-reims.fr\/wordpress\/wp-content\/uploads\/2021\/12\/Sara_EEr-370x370.png 370w, https:\/\/eglise-evangelique-reims.fr\/wordpress\/wp-content\/uploads\/2021\/12\/Sara_EEr.png 600w\" sizes=\"(max-width: 90px) 100vw, 90px\" \/><\/div>\n\t\t\t<\/div>\n<\/div>\n<\/div><div class=\"trx_addons_column-1_3\"><div data-post-id=\"116\" class=\"sc_testimonials_item\">\n\t<div class=\"sc_testimonials_item_content\">\n        <div class=\"sc_testimonials_item_author_data\">\n            <h4 class=\"sc_testimonials_item_author_title\">Fran\u00e7ois<\/h4>\n            <div class=\"sc_testimonials_item_author_subtitle\"><\/div>\n        <\/div>\n        \n<p>Avoir re\u00e7u une \u00e9ducation religieuse ne me suffisait plus. Le dogme et les rites \u00e9taient devenus sans vie, Dieu me paraissait lointain\u2026 Comme beaucoup, je m&rsquo;en serais certainement content\u00e9 si on ne m&rsquo;avait dit que faire la paix avec Dieu \u00e9tait possible !!!<\/p>\n<\/div>\n\t<div class=\"sc_testimonials_item_author\">\n\t\t\n\t\t\t<div class=\"sc_testimonials_item_author_avatar\"><img loading=\"lazy\" decoding=\"async\" width=\"90\" height=\"90\" src=\"https:\/\/eglise-evangelique-reims.fr\/wordpress\/wp-content\/uploads\/2023\/01\/Francois_EER-90x90.png\" class=\"attachment-hallelujah-thumb-tiny size-hallelujah-thumb-tiny wp-post-image\" alt=\"Fran\u00e7ois\" srcset=\"https:\/\/eglise-evangelique-reims.fr\/wordpress\/wp-content\/uploads\/2023\/01\/Francois_EER-90x90.png 90w, https:\/\/eglise-evangelique-reims.fr\/wordpress\/wp-content\/uploads\/2023\/01\/Francois_EER-300x300.png 300w, https:\/\/eglise-evangelique-reims.fr\/wordpress\/wp-content\/uploads\/2023\/01\/Francois_EER-150x150.png 150w, https:\/\/eglise-evangelique-reims.fr\/wordpress\/wp-content\/uploads\/2023\/01\/Francois_EER-370x370.png 370w, https:\/\/eglise-evangelique-reims.fr\/wordpress\/wp-content\/uploads\/2023\/01\/Francois_EER.png 600w\" sizes=\"(max-width: 90px) 100vw, 90px\" \/><\/div>\n\t\t\t<\/div>\n<\/div>\n<\/div><\/div><\/div><!-- \/.sc_testimonials -->\t\t<\/div>\n\t\t\t\t<\/div>\n\t\t\t\t<div class=\"elementor-element elementor-element-671e46e sc_fly_static elementor-widget elementor-widget-spacer\" data-id=\"671e46e\" data-element_type=\"widget\" data-widget_type=\"spacer.default\">\n\t\t\t\t<div class=\"elementor-widget-container\">\n\t\t\t\t\t<div class=\"elementor-spacer\">\n\t\t\t<div class=\"elementor-spacer-inner\"><\/div>\n\t\t<\/div>\n\t\t\t\t<\/div>\n\t\t\t\t<\/div>\n\t\t\t\t\t<\/div>\n\t\t<\/div>\n\t\t\t\t\t<\/div>\n\t\t<\/section>\n\t\t\t\t<section class=\"elementor-section elementor-top-section elementor-element elementor-element-05c0437 elementor-section-content-middle elementor-section-boxed elementor-section-height-default elementor-section-height-default elementor-invisible\" data-id=\"05c0437\" data-element_type=\"section\" data-settings=\"{&quot;animation&quot;:&quot;fadeInUp&quot;}\">\n\t\t\t\t\t\t<div class=\"elementor-container elementor-column-gap-extended\">\n\t\t\t\t\t<div class=\"elementor-column elementor-col-50 elementor-top-column elementor-element elementor-element-154f6c8 sc_inner_width_none sc_content_align_inherit sc_layouts_column_icons_position_left\" data-id=\"154f6c8\" data-element_type=\"column\">\n\t\t\t<div class=\"elementor-widget-wrap elementor-element-populated\">\n\t\t\t\t\t\t<div class=\"elementor-element elementor-element-d6aafe5 sc_fly_static elementor-widget elementor-widget-trx_sc_title\" data-id=\"d6aafe5\" data-element_type=\"widget\" data-widget_type=\"trx_sc_title.default\">\n\t\t\t\t<div class=\"elementor-widget-container\">\n\t\t\t<div id=\"trx_sc_title_2012090009\"\n\t\tclass=\"sc_title sc_title_default\"><h2 class=\"sc_item_title sc_title_title sc_item_title_style_default\"><span class=\"sc_item_title_text\">T\u00e9moignages c\u00e9l\u00e8bres<\/span><\/h2><div class=\"sc_item_descr sc_title_descr\"><p><b>L'\u00e9vangile a travers\u00e9 les si\u00e8cles. Des femmes et hommes des cinq continents, de toutes races et de toutes conditions sociales ont vu le Christ transformer leur vie \u00e0 jamais.<\/b><\/p>\n<p><b>A d\u00e9faut d'une galerie compl\u00e8te (impossible \u00e0 r\u00e9aliser de toute fa\u00e7on) voici quelques personnages d'hier et d'aujourd'hui dont le r\u00e9cit ne manquera pas de vous captiver, sinon de nourrir votre r\u00e9flexion.<\/b><\/p>\n<\/div><\/div><!-- \/.sc_title -->\t\t<\/div>\n\t\t\t\t<\/div>\n\t\t\t\t\t<\/div>\n\t\t<\/div>\n\t\t\t\t<div class=\"elementor-column elementor-col-50 elementor-top-column elementor-element elementor-element-ad08855 sc_inner_width_none sc_content_align_inherit sc_layouts_column_icons_position_left\" data-id=\"ad08855\" data-element_type=\"column\">\n\t\t\t<div class=\"elementor-widget-wrap elementor-element-populated\">\n\t\t\t\t\t\t<div class=\"elementor-element elementor-element-250533a sc_fly_static elementor-widget elementor-widget-text-editor\" data-id=\"250533a\" data-element_type=\"widget\" data-widget_type=\"text-editor.default\">\n\t\t\t\t<div class=\"elementor-widget-container\">\n\t\t\t\t\t\t\t<ul><li><span style=\"color: #000000;\">Au milieu de l\u2019horreur du camp de concentration nazi de Ravensbr\u00fcck, <strong>Corrie Ten Boom<\/strong>, une jeune hollandaise intern\u00e9e pour avoir secouru des juifs, apprend quelque chose de merveilleux qu&rsquo;elle r\u00e9sumera ainsi : \u00ab Il n\u2019existe pas un puits plus profond que l\u2019Amour de Dieu, et Dieu nous donne de Son Amour pour pardonner \u00e0 nos ennemis. \u00bb<\/span><br \/><span style=\"color: #000000;\">A lire dans<\/span> <span style=\"color: #ff00ff;\"><a style=\"color: #ff00ff;\" href=\"https:\/\/maisonbible.fr\/fr\/6224-dieu-en-enfer-avec-corrie-ten-boom-a-ravensbrueck-9782953820904.html\">Dieu en enfer<\/a><\/span><\/li><li><span style=\"color: #000000;\"><strong>Nick Vujicic<\/strong> est Australien. Il vient au monde atteint d&rsquo;une maladie rare, la Tetra-amelia, qui le prive de ses membres sup\u00e9rieurs et inf\u00e9rieurs. Rejet\u00e9 et harcel\u00e9 \u00e0 l&rsquo;\u00e9cole, il fait une tentative de suicide \u00e0 8 ans. La suite d&rsquo;une vie en apparence vou\u00e9e \u00e0 l&rsquo;\u00e9chec vous surprendra. Aujourd&rsquo;hui Nick donne des conf\u00e9rences dans le monde entier et est l&rsquo;heureux papa de de 2 enfants.<\/span><br \/><span style=\"color: #ff00ff;\"><a style=\"color: #ff00ff;\" href=\"https:\/\/www.fnac.com\/ia1164044\/Nick-Vujicic\">La vie au-del\u00e0 de toute limite<\/a><\/span><\/li><li><span style=\"color: #000000;\">Comment passe-t-on de chef de gang new-yorkais \u00e0 un minist\u00e8re d&rsquo;\u00e9vang\u00e9liste ? C&rsquo;est toute l&rsquo;histoire authentique du Portoricain <strong>Nicky Cruz<\/strong> que vous lirez dans sa c\u00e9l\u00e8bre autobiographie<\/span> <span style=\"color: #ff00ff;\"><a style=\"color: #ff00ff;\" href=\"https:\/\/www.amazon.fr\/Du-ghetto-vie-Nicky-Cruz\/dp\/2847002553\">\u00ab\u00a0Du ghetto \u00e0 la vie<\/a>\u00ab\u00a0.<\/span><\/li><li><span style=\"color: #000000;\"><strong>Jamel\u00a0 Attar<\/strong> est pasteur d&rsquo;origine marocaine. Dans son livre t\u00e9moignage, il raconte comment l&rsquo;\u00e9vangile a percut\u00e9 ses certitudes et le cheminement qui l&rsquo;a conduit \u00e0 la foi en Christ. Un r\u00e9cit direct, marquant et sinc\u00e8re \u00e0 mettre entre toutes les mains !<\/span><br \/><span style=\"color: #ff00ff;\"><a style=\"color: #ff00ff;\" href=\"https:\/\/www.fnac.com\/a6149878\/Jamel-Attar-Je-croyais-en-Issa\">Je croyais en Issa<\/a><\/span><\/li><\/ul>\t\t\t\t\t\t<\/div>\n\t\t\t\t<\/div>\n\t\t\t\t\t<\/div>\n\t\t<\/div>\n\t\t\t\t\t<\/div>\n\t\t<\/section>\n\t\t\t\t<\/div>\n\t\t","protected":false},"excerpt":{"rendered":"<p>Raconte&#8230; La Bible relate qu&rsquo;apr\u00e8s avoir d\u00e9livr\u00e9 un homme de ses d\u00e9mons, J\u00e9sus lui a donn\u00e9 cet ordre: \u00ab\u00a0Va dans ta maison, vers les tiens, et raconte-leur tout ce que le Seigneur t&rsquo;a fait et&hellip;<\/p>\n","protected":false},"author":1,"featured_media":0,"parent":0,"menu_order":0,"comment_status":"closed","ping_status":"closed","template":"","meta":{"_acf_changed":false,"_mc_calendar":[],"footnotes":""},"class_list":["post-346","page","type-page","status-publish","hentry"],"acf":[],"_links":{"self":[{"href":"https:\/\/eglise-evangelique-reims.fr\/wordpress\/wp-json\/wp\/v2\/pages\/346","targetHints":{"allow":["GET"]}}],"collection":[{"href":"https:\/\/eglise-evangelique-reims.fr\/wordpress\/wp-json\/wp\/v2\/pages"}],"about":[{"href":"https:\/\/eglise-evangelique-reims.fr\/wordpress\/wp-json\/wp\/v2\/types\/page"}],"author":[{"embeddable":true,"href":"https:\/\/eglise-evangelique-reims.fr\/wordpress\/wp-json\/wp\/v2\/users\/1"}],"replies":[{"embeddable":true,"href":"https:\/\/eglise-evangelique-reims.fr\/wordpress\/wp-json\/wp\/v2\/comments?post=346"}],"version-history":[{"count":74,"href":"https:\/\/eglise-evangelique-reims.fr\/wordpress\/wp-json\/wp\/v2\/pages\/346\/revisions"}],"predecessor-version":[{"id":4109,"href":"https:\/\/eglise-evangelique-reims.fr\/wordpress\/wp-json\/wp\/v2\/pages\/346\/revisions\/4109"}],"wp:attachment":[{"href":"https:\/\/eglise-evangelique-reims.fr\/wordpress\/wp-json\/wp\/v2\/media?parent=346"}],"curies":[{"name":"wp","href":"https:\/\/api.w.org\/{rel}","templated":true}]}}