{"id":362,"date":"2019-01-18T10:27:34","date_gmt":"2019-01-18T10:27:34","guid":{"rendered":"https:\/\/eglise-evangelique-reims.fr\/wordpress\/?page_id=362"},"modified":"2023-07-19T16:32:45","modified_gmt":"2023-07-19T14:32:45","slug":"presentation","status":"publish","type":"page","link":"https:\/\/eglise-evangelique-reims.fr\/wordpress\/presentation\/","title":{"rendered":"Qui nous sommes&#8230;"},"content":{"rendered":"\t\t<div data-elementor-type=\"wp-post\" data-elementor-id=\"362\" class=\"elementor elementor-362\">\n\t\t\t\t\t\t<section class=\"elementor-section elementor-top-section elementor-element elementor-element-44221cf elementor-section-boxed elementor-section-height-default elementor-section-height-default\" data-id=\"44221cf\" data-element_type=\"section\" data-settings=\"{&quot;animation&quot;:&quot;none&quot;}\">\n\t\t\t\t\t\t<div class=\"elementor-container elementor-column-gap-extended\">\n\t\t\t\t\t<div class=\"elementor-column elementor-col-50 elementor-top-column elementor-element elementor-element-ff46616 sc_inner_width_none sc_content_align_inherit sc_layouts_column_icons_position_left elementor-invisible\" data-id=\"ff46616\" data-element_type=\"column\" data-settings=\"{&quot;animation&quot;:&quot;zoomIn&quot;}\">\n\t\t\t<div class=\"elementor-widget-wrap elementor-element-populated\">\n\t\t\t\t\t\t<div class=\"elementor-element elementor-element-f37a811 sc_fly_static elementor-widget elementor-widget-spacer\" data-id=\"f37a811\" data-element_type=\"widget\" data-widget_type=\"spacer.default\">\n\t\t\t\t<div class=\"elementor-widget-container\">\n\t\t\t\t\t<div class=\"elementor-spacer\">\n\t\t\t<div class=\"elementor-spacer-inner\"><\/div>\n\t\t<\/div>\n\t\t\t\t<\/div>\n\t\t\t\t<\/div>\n\t\t\t\t<div class=\"elementor-element elementor-element-9da2f03 sc_fly_static elementor-widget elementor-widget-image\" data-id=\"9da2f03\" data-element_type=\"widget\" data-widget_type=\"image.default\">\n\t\t\t\t<div class=\"elementor-widget-container\">\n\t\t\t\t\t\t\t\t\t\t\t\t\t<img fetchpriority=\"high\" decoding=\"async\" width=\"1500\" height=\"998\" src=\"https:\/\/eglise-evangelique-reims.fr\/wordpress\/wp-content\/uploads\/2023\/07\/EtudeBiblique.jpg\" class=\"attachment-full size-full wp-image-4047\" alt=\"\" srcset=\"https:\/\/eglise-evangelique-reims.fr\/wordpress\/wp-content\/uploads\/2023\/07\/EtudeBiblique.jpg 1500w, https:\/\/eglise-evangelique-reims.fr\/wordpress\/wp-content\/uploads\/2023\/07\/EtudeBiblique-300x200.jpg 300w, https:\/\/eglise-evangelique-reims.fr\/wordpress\/wp-content\/uploads\/2023\/07\/EtudeBiblique-1024x681.jpg 1024w, https:\/\/eglise-evangelique-reims.fr\/wordpress\/wp-content\/uploads\/2023\/07\/EtudeBiblique-768x511.jpg 768w, https:\/\/eglise-evangelique-reims.fr\/wordpress\/wp-content\/uploads\/2023\/07\/EtudeBiblique-370x246.jpg 370w, https:\/\/eglise-evangelique-reims.fr\/wordpress\/wp-content\/uploads\/2023\/07\/EtudeBiblique-760x506.jpg 760w\" sizes=\"(max-width: 1500px) 100vw, 1500px\" \/>\t\t\t\t\t\t\t\t\t\t\t\t\t<\/div>\n\t\t\t\t<\/div>\n\t\t\t\t\t<\/div>\n\t\t<\/div>\n\t\t\t\t<div class=\"elementor-column elementor-col-50 elementor-top-column elementor-element elementor-element-c69b8a7 sc_inner_width_none sc_content_align_inherit sc_layouts_column_icons_position_left elementor-invisible\" data-id=\"c69b8a7\" data-element_type=\"column\" data-settings=\"{&quot;animation&quot;:&quot;zoomIn&quot;}\">\n\t\t\t<div class=\"elementor-widget-wrap elementor-element-populated\">\n\t\t\t\t\t\t<div class=\"elementor-element elementor-element-ecd4a79 sc_fly_static elementor-widget elementor-widget-spacer\" data-id=\"ecd4a79\" data-element_type=\"widget\" data-widget_type=\"spacer.default\">\n\t\t\t\t<div class=\"elementor-widget-container\">\n\t\t\t\t\t<div class=\"elementor-spacer\">\n\t\t\t<div class=\"elementor-spacer-inner\"><\/div>\n\t\t<\/div>\n\t\t\t\t<\/div>\n\t\t\t\t<\/div>\n\t\t\t\t<div class=\"elementor-element elementor-element-c8ffae9 sc_fly_static elementor-widget elementor-widget-text-editor\" data-id=\"c8ffae9\" data-element_type=\"widget\" data-widget_type=\"text-editor.default\">\n\t\t\t\t<div class=\"elementor-widget-container\">\n\t\t\t\t\t\t\t<p><span style=\"color: #000000;\">L\u2019\u00e9glise \u00e9vang\u00e9lique de Reims n\u2019est pas une nouvelle venue dans le paysage r\u00e9mois.<\/span><br \/><span style=\"color: #000000;\">En effet depuis 1954, soit pr\u00e8s de 70 ans, notre \u00e9glise partage le quotidien de notre belle ville.<\/span><\/p><p><span style=\"color: #000000;\">Tout d\u2019abord install\u00e9e au 36 rue Ponsardin, elle s\u2019est d\u00e9plac\u00e9e au 68 bd Jamin en 1980, pour ensuite se rendre au 99 bis rue de Cernay puis au 16 boulevard Jules C\u00e9sar en 1999.<\/span><\/p><p><span style=\"color: #000000;\">De nombreux hommes de Dieu ont servi cette \u00e9glise avec foi et pers\u00e9v\u00e9rance, aujourd\u2019hui ce sont Andr\u00e9 KESTEL et Philippe ROSA qui assurent cette charge.<\/span><\/p>\t\t\t\t\t\t<\/div>\n\t\t\t\t<\/div>\n\t\t\t\t\t<\/div>\n\t\t<\/div>\n\t\t\t\t\t<\/div>\n\t\t<\/section>\n\t\t\t\t<section class=\"elementor-section elementor-top-section elementor-element elementor-element-1952e01 elementor-section-boxed elementor-section-height-default elementor-section-height-default\" data-id=\"1952e01\" data-element_type=\"section\">\n\t\t\t\t\t\t<div class=\"elementor-container elementor-column-gap-extended\">\n\t\t\t\t\t<div class=\"elementor-column elementor-col-100 elementor-top-column elementor-element elementor-element-cb9a8ff sc_inner_width_none sc_content_align_inherit sc_layouts_column_icons_position_left\" data-id=\"cb9a8ff\" data-element_type=\"column\">\n\t\t\t<div class=\"elementor-widget-wrap elementor-element-populated\">\n\t\t\t\t\t\t<div class=\"elementor-element elementor-element-42ede79 sc_fly_static elementor-invisible elementor-widget elementor-widget-trx_sc_title\" data-id=\"42ede79\" data-element_type=\"widget\" data-settings=\"{&quot;_animation&quot;:&quot;fadeIn&quot;}\" data-widget_type=\"trx_sc_title.default\">\n\t\t\t\t<div class=\"elementor-widget-container\">\n\t\t\t<div id=\"trx_sc_title_1573142135\"\n\t\tclass=\"sc_title sc_title_default\"><h2 class=\"sc_item_title sc_title_title sc_align_center sc_item_title_style_default sc_item_title_tag\"><span class=\"sc_item_title_text\">Nous croyons<\/span><\/h2><\/div><!-- \/.sc_title -->\t\t<\/div>\n\t\t\t\t<\/div>\n\t\t\t\t<section class=\"elementor-section elementor-inner-section elementor-element elementor-element-7fcb21c elementor-section-boxed elementor-section-height-default elementor-section-height-default\" data-id=\"7fcb21c\" data-element_type=\"section\">\n\t\t\t\t\t\t<div class=\"elementor-container elementor-column-gap-extended\">\n\t\t\t\t\t<div class=\"elementor-column elementor-col-100 elementor-inner-column elementor-element elementor-element-b81118a sc_inner_width_none sc_content_align_inherit sc_layouts_column_icons_position_left\" data-id=\"b81118a\" data-element_type=\"column\">\n\t\t\t<div class=\"elementor-widget-wrap elementor-element-populated\">\n\t\t\t\t\t\t<div class=\"elementor-element elementor-element-6f02c80 sc_fly_static elementor-widget elementor-widget-text-editor\" data-id=\"6f02c80\" data-element_type=\"widget\" data-widget_type=\"text-editor.default\">\n\t\t\t\t<div class=\"elementor-widget-container\">\n\t\t\t\t\t\t\t<p><span style=\"color: #000000;\">Attach\u00e9e \u00e0 la Bible, notre \u00e9glise croit:<\/span><\/p><ul><li><span style=\"color: #000000;\">En la Bible, base de notre foi, \u00e9criture infaillible et r\u00e8gle de foi pour la conduite de l\u2019assembl\u00e9e et du chr\u00e9tien<\/span><br \/><span style=\"color: #000000;\">2 Timoth\u00e9e 3 : 16-17<\/span><\/li><\/ul><ul><li><span style=\"color: #000000;\">Au Dieu unique, vivant et vrai<\/span><br \/><span style=\"color: #000000;\">1 Thessaloniciens 1 :9<\/span><\/li><\/ul><ul><li><span style=\"color: #000000;\">En la Chute de l\u2019homme cr\u00e9\u00e9 pur et innocent<\/span><br \/><span style=\"color: #000000;\">Romains 5 : 12-13<\/span><\/li><\/ul><ul><li><span style=\"color: #000000;\">Au Salut en J\u00e9sus Christ seul, en la r\u00e9demption acquise en son sang<\/span><br \/><span style=\"color: #000000;\">1 Corinthiens 15 : 3-4<\/span><\/li><\/ul><ul><li><span style=\"color: #000000;\">En la Gu\u00e9rison divine acquise par le sacrifice de J\u00e9sus sur la Croix<\/span><br \/><span style=\"color: #000000;\">1 Pierre 2 :24<\/span><\/li><\/ul><ul><li><span style=\"color: #000000;\">Au retour de J\u00e9sus Glorieux<\/span><br \/><span style=\"color: #000000;\">1 Jean 2:28<\/span><\/li><\/ul>\t\t\t\t\t\t<\/div>\n\t\t\t\t<\/div>\n\t\t\t\t\t<\/div>\n\t\t<\/div>\n\t\t\t\t\t<\/div>\n\t\t<\/section>\n\t\t\t\t\t<\/div>\n\t\t<\/div>\n\t\t\t\t\t<\/div>\n\t\t<\/section>\n\t\t\t\t<section class=\"elementor-section elementor-top-section elementor-element elementor-element-feb7ddf elementor-section-boxed elementor-section-height-default elementor-section-height-default\" data-id=\"feb7ddf\" data-element_type=\"section\">\n\t\t\t\t\t\t<div class=\"elementor-container elementor-column-gap-extended\">\n\t\t\t\t\t<div class=\"elementor-column elementor-col-100 elementor-top-column elementor-element elementor-element-0ee03c5 sc_inner_width_none sc_content_align_inherit sc_layouts_column_icons_position_left\" data-id=\"0ee03c5\" data-element_type=\"column\">\n\t\t\t<div class=\"elementor-widget-wrap elementor-element-populated\">\n\t\t\t\t\t\t<div class=\"elementor-element elementor-element-7828b57 sc_fly_static elementor-widget elementor-widget-spacer\" data-id=\"7828b57\" data-element_type=\"widget\" data-widget_type=\"spacer.default\">\n\t\t\t\t<div class=\"elementor-widget-container\">\n\t\t\t\t\t<div class=\"elementor-spacer\">\n\t\t\t<div class=\"elementor-spacer-inner\"><\/div>\n\t\t<\/div>\n\t\t\t\t<\/div>\n\t\t\t\t<\/div>\n\t\t\t\t<section class=\"elementor-section elementor-inner-section elementor-element elementor-element-60a471e elementor-section-boxed elementor-section-height-default elementor-section-height-default elementor-invisible\" data-id=\"60a471e\" data-element_type=\"section\" data-settings=\"{&quot;animation&quot;:&quot;fadeInUp&quot;}\">\n\t\t\t\t\t\t<div class=\"elementor-container elementor-column-gap-extended\">\n\t\t\t\t\t<div class=\"elementor-column elementor-col-50 elementor-inner-column elementor-element elementor-element-ace17c2 sc_inner_width_none sc_content_align_inherit sc_layouts_column_icons_position_left\" data-id=\"ace17c2\" data-element_type=\"column\">\n\t\t\t<div class=\"elementor-widget-wrap elementor-element-populated\">\n\t\t\t\t\t\t<div class=\"elementor-element elementor-element-3dc65be sc_fly_static elementor-widget elementor-widget-trx_sc_action\" data-id=\"3dc65be\" data-element_type=\"widget\" data-widget_type=\"trx_sc_action.default\">\n\t\t\t\t<div class=\"elementor-widget-container\">\n\t\t\t<div  id=\"trx_sc_action_126329429\" \r\n\tclass=\"sc_action sc_action_simple\"><div class=\"sc_action_content sc_item_content\"><div class=\"sc_action_item sc_action_item_simple with_image sc_action_item_tc\" style=\"background-image:url(\/\/eglise-evangelique-reims.fr\/wordpress\/wp-content\/uploads\/2023\/02\/CNEF-logotype.png);\">\r\n\t\t\t<div class=\"sc_action_item_inner\"><div class=\"sc_action_item_image\"><img decoding=\"async\" src=\"\/\/eglise-evangelique-reims.fr\/wordpress\/wp-content\/uploads\/2023\/02\/CNEF-logotype-270x152.png\" alt=\"Action&#039;s image\" width=\"270\" height=\"152\"><\/div><div class=\"sc_action_item_description\"><span>Notre \u00e9glise est affili\u00e9e au CNEF, <\/span><span>le Conseil national des \u00c9vang\u00e9liques de France<\/span><\/div><a href=\"https:\/\/www.lecnef.org\" class=\"sc_action_item_link sc_button sc_button_size_small\">Plus...<\/a><\/div><!-- \/.sc_action_item_inner --><\/div><\/div><\/div><!-- \/.sc_action -->\t\t<\/div>\n\t\t\t\t<\/div>\n\t\t\t\t\t<\/div>\n\t\t<\/div>\n\t\t\t\t<div class=\"elementor-column elementor-col-50 elementor-inner-column elementor-element elementor-element-23ae0ec sc_inner_width_none sc_content_align_inherit sc_layouts_column_icons_position_left\" data-id=\"23ae0ec\" data-element_type=\"column\">\n\t\t\t<div class=\"elementor-widget-wrap elementor-element-populated\">\n\t\t\t\t\t\t<div class=\"elementor-element elementor-element-cfe0cec sc_fly_static elementor-widget elementor-widget-trx_sc_action\" data-id=\"cfe0cec\" data-element_type=\"widget\" data-widget_type=\"trx_sc_action.default\">\n\t\t\t\t<div class=\"elementor-widget-container\">\n\t\t\t<div  id=\"trx_sc_action_684989608\" \r\n\tclass=\"sc_action sc_action_simple\"><div class=\"sc_action_content sc_item_content\"><div class=\"sc_action_item sc_action_item_simple with_image sc_action_fixed_height trx_addons_inline_1441465642 sc_action_item_tc\" style=\"background-image:url(\/\/eglise-evangelique-reims.fr\/wordpress\/wp-content\/uploads\/2023\/02\/Udem.png);\">\r\n\t\t\t<div class=\"sc_action_item_inner\"><div class=\"sc_action_item_image\"><img decoding=\"async\" src=\"\/\/eglise-evangelique-reims.fr\/wordpress\/wp-content\/uploads\/2023\/02\/Udem-270x152.png\" alt=\"Action&#039;s image\" width=\"270\" height=\"152\"><\/div><div class=\"sc_action_item_description\"><span>Nous sommes membres de l'Union des \u00c9glises Missionnaires dont le but principal est l'annonce de l'\u00e9vangile<\/span><\/div><a href=\"https:\/\/www.udemfrance.com\/\" class=\"sc_action_item_link sc_button sc_button_size_small\">Plus...<\/a><\/div><!-- \/.sc_action_item_inner --><\/div><\/div><\/div><!-- \/.sc_action -->\t\t<\/div>\n\t\t\t\t<\/div>\n\t\t\t\t\t<\/div>\n\t\t<\/div>\n\t\t\t\t\t<\/div>\n\t\t<\/section>\n\t\t\t\t\t<\/div>\n\t\t<\/div>\n\t\t\t\t\t<\/div>\n\t\t<\/section>\n\t\t\t\t<section class=\"elementor-section elementor-top-section elementor-element elementor-element-3329e4a elementor-section-boxed elementor-section-height-default elementor-section-height-default\" data-id=\"3329e4a\" data-element_type=\"section\">\n\t\t\t\t\t\t<div class=\"elementor-container elementor-column-gap-extended\">\n\t\t\t\t\t<div class=\"elementor-column elementor-col-100 elementor-top-column elementor-element elementor-element-9baf6fe sc_inner_width_none sc_content_align_inherit sc_layouts_column_icons_position_left\" data-id=\"9baf6fe\" data-element_type=\"column\">\n\t\t\t<div class=\"elementor-widget-wrap\">\n\t\t\t\t\t\t\t<\/div>\n\t\t<\/div>\n\t\t\t\t\t<\/div>\n\t\t<\/section>\n\t\t\t\t<section class=\"elementor-section elementor-top-section elementor-element elementor-element-5821fd3 elementor-section-boxed elementor-section-height-default elementor-section-height-default\" data-id=\"5821fd3\" data-element_type=\"section\">\n\t\t\t\t\t\t<div class=\"elementor-container elementor-column-gap-extended\">\n\t\t\t\t\t<div class=\"elementor-column elementor-col-100 elementor-top-column elementor-element elementor-element-db82cf0 sc_inner_width_none sc_content_align_inherit sc_layouts_column_icons_position_left\" data-id=\"db82cf0\" data-element_type=\"column\">\n\t\t\t<div class=\"elementor-widget-wrap elementor-element-populated\">\n\t\t\t\t\t\t<div class=\"elementor-element elementor-element-ed11f43 sc_fly_static elementor-widget elementor-widget-trx_sc_title\" data-id=\"ed11f43\" data-element_type=\"widget\" data-widget_type=\"trx_sc_title.default\">\n\t\t\t\t<div class=\"elementor-widget-container\">\n\t\t\t<div id=\"trx_sc_title_482159411\"\n\t\tclass=\"sc_title sc_title_default\"><h2 class=\"sc_item_title sc_title_title sc_align_center sc_item_title_style_default\"><span class=\"sc_item_title_text\">L'\u00e9quipe pastorale<\/span><\/h2><\/div><!-- \/.sc_title -->\t\t<\/div>\n\t\t\t\t<\/div>\n\t\t\t\t<div class=\"elementor-element elementor-element-4c5f6ea sc_fly_static elementor-widget elementor-widget-trx_sc_team\" data-id=\"4c5f6ea\" data-element_type=\"widget\" data-widget_type=\"trx_sc_team.default\">\n\t\t\t\t<div class=\"elementor-widget-container\">\n\t\t\t<div  id=\"trx_sc_team_1519756497\"\t\tclass=\"sc_team sc_team_extra\"><div class=\"sc_team_columns_wrap sc_item_columns sc_item_posts_container trx_addons_columns_wrap columns_padding_bottom columns_in_single_row\"><div class=\"trx_addons_column-1_2\"><div data-post-id=\"3114\" class=\"sc_team_item no_links post-3114 cpt_team type-cpt_team status-publish has-post-thumbnail hentry cpt_team_group-teameer\">\n\t<div class=\"post_featured sc_team_item_thumb trx_addons_hover trx_addons_hover_style_info\"><a href=\"https:\/\/eglise-evangelique-reims.fr\/wordpress\/team\/andre-kestel\/\" aria-hidden=\"true\"><img loading=\"lazy\" decoding=\"async\" width=\"390\" height=\"310\" src=\"https:\/\/eglise-evangelique-reims.fr\/wordpress\/wp-content\/uploads\/2023\/06\/AKestel-390x310.jpg\" class=\"attachment-hallelujah-thumb-short size-hallelujah-thumb-short wp-post-image\" alt=\"\" \/><\/a><div class=\"trx_addons_hover_content\"><div class=\"sc_team_item_socials socials_wrap trx_addons_hover_info\"><a target=\"_blank\" href=\"mailto:contact@eglise-evangelique-reims.fr\" class=\"social_item social_item_style_icons sc_icon_type_icons social_item_type_icons\"><span class=\"social_icon social_icon_mail\"><span class=\"icon-mail\"><\/span><\/span><\/a><\/div><\/div><div class=\"trx_addons_hover_mask\"><\/div><\/div>\t<div class=\"sc_team_item_info\">\n\t\t<div class=\"sc_team_item_header\">\n\t\t\t<h4 class=\"sc_team_item_title entry-title\"><a href=\"https:\/\/eglise-evangelique-reims.fr\/wordpress\/team\/andre-kestel\/\">Andr\u00e9 KESTEL<\/a><\/h4>\n\t\t\t<div class=\"sc_team_item_subtitle\"><\/div>\n\t\t<\/div>\n\t<\/div>\n<\/div>\n<\/div><div class=\"trx_addons_column-1_2\"><div data-post-id=\"3119\" class=\"sc_team_item no_links post-3119 cpt_team type-cpt_team status-publish has-post-thumbnail hentry cpt_team_group-teameer\">\n\t<div class=\"post_featured sc_team_item_thumb trx_addons_hover trx_addons_hover_style_info\"><a href=\"https:\/\/eglise-evangelique-reims.fr\/wordpress\/team\/sonia-philippe\/\" aria-hidden=\"true\"><img loading=\"lazy\" decoding=\"async\" width=\"390\" height=\"310\" src=\"https:\/\/eglise-evangelique-reims.fr\/wordpress\/wp-content\/uploads\/2023\/06\/PS_Rosa-390x310.jpg\" class=\"attachment-hallelujah-thumb-short size-hallelujah-thumb-short wp-post-image\" alt=\"\" \/><\/a><div class=\"trx_addons_hover_content\"><div class=\"sc_team_item_socials socials_wrap trx_addons_hover_info\"><a target=\"_blank\" href=\"mailto:contact@eglise-evangelique-reims.fr\" class=\"social_item social_item_style_icons sc_icon_type_icons social_item_type_icons\"><span class=\"social_icon social_icon_mail\"><span class=\"icon-mail\"><\/span><\/span><\/a><\/div><\/div><div class=\"trx_addons_hover_mask\"><\/div><\/div>\t<div class=\"sc_team_item_info\">\n\t\t<div class=\"sc_team_item_header\">\n\t\t\t<h4 class=\"sc_team_item_title entry-title\"><a href=\"https:\/\/eglise-evangelique-reims.fr\/wordpress\/team\/sonia-philippe\/\">Sonia &#038; Philippe ROSA<\/a><\/h4>\n\t\t\t<div class=\"sc_team_item_subtitle\"><\/div>\n\t\t<\/div>\n\t<\/div>\n<\/div>\n<\/div><\/div><\/div><!-- \/.sc_team -->\t\t<\/div>\n\t\t\t\t<\/div>\n\t\t\t\t\t<\/div>\n\t\t<\/div>\n\t\t\t\t\t<\/div>\n\t\t<\/section>\n\t\t\t\t<section class=\"elementor-section elementor-top-section elementor-element elementor-element-7eabc96f elementor-section-stretched scheme_dark elementor-section-boxed elementor-section-height-default elementor-section-height-default\" data-id=\"7eabc96f\" data-element_type=\"section\" data-settings=\"{&quot;stretch_section&quot;:&quot;section-stretched&quot;,&quot;background_background&quot;:&quot;classic&quot;}\">\n\t\t\t\t\t\t\t<div class=\"elementor-background-overlay\"><\/div>\n\t\t\t\t\t\t\t<div class=\"elementor-container elementor-column-gap-extended\">\n\t\t\t\t\t<div class=\"elementor-column elementor-col-100 elementor-top-column elementor-element elementor-element-3c9ea133 sc_inner_width_none sc_content_align_inherit sc_layouts_column_icons_position_left\" data-id=\"3c9ea133\" data-element_type=\"column\">\n\t\t\t<div class=\"elementor-widget-wrap elementor-element-populated\">\n\t\t\t\t\t\t<div class=\"elementor-element elementor-element-05f9611 sc_fly_static elementor-widget elementor-widget-trx_sc_title\" data-id=\"05f9611\" data-element_type=\"widget\" data-widget_type=\"trx_sc_title.default\">\n\t\t\t\t<div class=\"elementor-widget-container\">\n\t\t\t<div id=\"trx_sc_title_151532825\"\n\t\tclass=\"sc_title sc_title_default\"><h3 class=\"sc_item_title sc_title_title sc_item_title_style_default sc_item_title_tag\"><span class=\"sc_item_title_inner\"><span class=\"sc_item_title_text\">Car l\u00e0 o\u00f9 deux ou trois sont assembl\u00e9s en mon nom, je suis au milieu d'eux<\/span><span class=\"sc_item_subtitle sc_title_subtitle sc_align_left sc_item_subtitle_below sc_item_title_style_default\">Matthieu 18 v. 20<\/span><\/span><\/h3><\/div><!-- \/.sc_title -->\t\t<\/div>\n\t\t\t\t<\/div>\n\t\t\t\t\t<\/div>\n\t\t<\/div>\n\t\t\t\t\t<\/div>\n\t\t<\/section>\n\t\t\t\t<section class=\"elementor-section elementor-top-section elementor-element elementor-element-becb547 elementor-section-boxed elementor-section-height-default elementor-section-height-default\" data-id=\"becb547\" data-element_type=\"section\">\n\t\t\t\t\t\t<div class=\"elementor-container elementor-column-gap-extended\">\n\t\t\t\t\t<div class=\"elementor-column elementor-col-100 elementor-top-column elementor-element elementor-element-df7078f sc_inner_width_none sc_content_align_inherit sc_layouts_column_icons_position_left\" data-id=\"df7078f\" data-element_type=\"column\">\n\t\t\t<div class=\"elementor-widget-wrap\">\n\t\t\t\t\t\t\t<\/div>\n\t\t<\/div>\n\t\t\t\t\t<\/div>\n\t\t<\/section>\n\t\t\t\t<\/div>\n\t\t","protected":false},"excerpt":{"rendered":"<p>L\u2019\u00e9glise \u00e9vang\u00e9lique de Reims n\u2019est pas une nouvelle venue dans le paysage r\u00e9mois.En effet depuis 1954, soit pr\u00e8s de 70 ans, notre \u00e9glise partage le quotidien de notre belle ville. Tout d\u2019abord install\u00e9e au 36&hellip;<\/p>\n","protected":false},"author":1,"featured_media":0,"parent":0,"menu_order":0,"comment_status":"closed","ping_status":"closed","template":"","meta":{"_acf_changed":false,"_mc_calendar":[],"footnotes":""},"class_list":["post-362","page","type-page","status-publish","hentry"],"acf":[],"_links":{"self":[{"href":"https:\/\/eglise-evangelique-reims.fr\/wordpress\/wp-json\/wp\/v2\/pages\/362","targetHints":{"allow":["GET"]}}],"collection":[{"href":"https:\/\/eglise-evangelique-reims.fr\/wordpress\/wp-json\/wp\/v2\/pages"}],"about":[{"href":"https:\/\/eglise-evangelique-reims.fr\/wordpress\/wp-json\/wp\/v2\/types\/page"}],"author":[{"embeddable":true,"href":"https:\/\/eglise-evangelique-reims.fr\/wordpress\/wp-json\/wp\/v2\/users\/1"}],"replies":[{"embeddable":true,"href":"https:\/\/eglise-evangelique-reims.fr\/wordpress\/wp-json\/wp\/v2\/comments?post=362"}],"version-history":[{"count":164,"href":"https:\/\/eglise-evangelique-reims.fr\/wordpress\/wp-json\/wp\/v2\/pages\/362\/revisions"}],"predecessor-version":[{"id":4188,"href":"https:\/\/eglise-evangelique-reims.fr\/wordpress\/wp-json\/wp\/v2\/pages\/362\/revisions\/4188"}],"wp:attachment":[{"href":"https:\/\/eglise-evangelique-reims.fr\/wordpress\/wp-json\/wp\/v2\/media?parent=362"}],"curies":[{"name":"wp","href":"https:\/\/api.w.org\/{rel}","templated":true}]}}